{"id":90,"date":"2023-02-08T20:19:56","date_gmt":"2023-02-08T19:19:56","guid":{"rendered":"https:\/\/landl\u00f6wen.de\/?page_id=90"},"modified":"2025-02-19T20:38:12","modified_gmt":"2025-02-19T19:38:12","slug":"catering","status":"publish","type":"page","link":"https:\/\/landl\u00f6wen.de\/?page_id=90","title":{"rendered":"Catering"},"content":{"rendered":"<!-- wp:themify-builder\/canvas \/-->\r\n<p><!--themify_builder_static--><h1>Ein Gru\u00df aus der K\u00fcche<br\/>Im Fr\u00fchjahr gibt es dann unser ausf\u00fchrliches Catering-Angebot<\/h1>\n<h2><a href=\"https:\/\/landl\u00f6wen.de\/wp-content\/uploads\/landloewen_Cateringbeispiele_1_2023.pdf\" target=\"_blank\" rel=\"noopener\">Hier<\/a> geht es zu unseren Catering-Beispielen.<\/h2>\n<h2>Breakfast<\/h2>\n<h4 class='tb-menu-title'>Ham and Swiss Omelette<\/h4> Three egg omelette with ham and swiss cheese \n $14.95 <br\/>\nChef Selection \n <h4 class='tb-menu-title'>Bacon and Cheddar Omelette<\/h4> Ham, red peppers, green peppers, red onions and cheddar cheese in a three egg omelette \n $14.95 <br\/>\n<h4 class='tb-menu-title'>Deluxe Omelette<\/h4> Bacan, sausage, ham, red peppers, green peppers, red onions, and mushrooms in a three egg omelette \n $14.95 <br\/>\n<h4 class='tb-menu-title'>Eggs Benedict<\/h4> Poached eggs served on a toasted English muffin, layered with peameal bacon and topped with Hollandaise sauce. Served with breakfast potatoes \n $14.95 <br\/>\n<h4 class='tb-menu-title'>Eggs Florentine<\/h4> Poached eggs served on a toasted English muffin, layered with cooked spinach and topped with Hollandaise sauce. Served with breakfast potatoes \n $14.95 <br\/>\n<h2>Lunch<\/h2>\n<h4 class='tb-menu-title'>Old Fashioned Burger<\/h4> Prime rib burger, double-smoked bacon, aged Cheddar cheese, mayo \n $14.95 <br\/>\n<h4 class='tb-menu-title'>Mayan Burger<\/h4> Prime rib burger, house-made avocado salsa \n $14.95 <br\/>\nChef Selection \n <h4 class='tb-menu-title'>Farmhouse Burger<\/h4> Prime rib burger, fried egg, peameat bacon \n $14.95 <br\/>\n<h4 class='tb-menu-title'>Spicy Thai Basil Noodle<\/h4> Prawns, chicken, coconut milk and basic infused chili sauce \n $14.95 <br\/>\n<h4 class='tb-menu-title'>Old Fashioned Burger<\/h4> Prime rib burger, double-smoked bacon, aged Cheddar cheese, mayo \n $14.95 <br\/>\n<h4 class='tb-menu-title'>Mayan Burger<\/h4> Prime rib burger, house-made avocado salsa \n $14.95 <br\/>\n<h4 class='tb-menu-title'>Farmhouse Burger<\/h4> Prime rib burger, fried egg, peameat bacon \n $14.95 <br\/>\n<h4 class='tb-menu-title'>Spicy Thai Basil Noodle<\/h4> Prawns, chicken, coconut milk and basic infused chili sauce \n $14.95 <br\/><!--\/themify_builder_static--><p>&nbsp;<\/p>\r\n<p>&nbsp;<\/p>\r\n<p>&nbsp;<\/p>","protected":false},"excerpt":{"rendered":"<p>Ein Gru\u00df aus der K\u00fccheIm Fr\u00fchjahr gibt es dann unser ausf\u00fchrliches Catering-Angebot Hier geht es zu unseren Catering-Beispielen. Breakfast Ham and Swiss Omelette Three egg omelette with ham and swiss [&hellip;]<\/p>\n","protected":false},"author":1,"featured_media":0,"parent":0,"menu_order":0,"comment_status":"closed","ping_status":"closed","template":"","meta":{"ngg_post_thumbnail":0,"footnotes":""},"class_list":["post-90","page","type-page","status-publish","hentry","has-post-title","has-post-date","has-post-category","has-post-tag","has-post-comment","has-post-author",""],"yoast_head":"<!-- This site is optimized with the Yoast SEO plugin v27.4 - https:\/\/yoast.com\/product\/yoast-seo-wordpress\/ -->\n<title>Catering | Landgasthof Zum L\u00f6wen |\u00a0Restaurant im Taunus | Biergarten im Taunus<\/title>\n<meta name=\"robots\" content=\"index, follow, max-snippet:-1, max-image-preview:large, max-video-preview:-1\" \/>\n<link rel=\"canonical\" href=\"https:\/\/landl\u00f6wen.de\/?page_id=90\" \/>\n<meta property=\"og:locale\" content=\"de_DE\" \/>\n<meta property=\"og:type\" content=\"article\" \/>\n<meta property=\"og:title\" content=\"Catering | Landgasthof Zum L\u00f6wen |\u00a0Restaurant im Taunus | Biergarten im Taunus\" \/>\n<meta property=\"og:description\" content=\"Ein Gru\u00df aus der K\u00fccheIm Fr\u00fchjahr gibt es dann unser ausf\u00fchrliches Catering-Angebot Hier geht es zu unseren Catering-Beispielen. Breakfast Ham and Swiss Omelette Three egg omelette with ham and swiss [&hellip;]\" \/>\n<meta property=\"og:url\" content=\"https:\/\/landl\u00f6wen.de\/?page_id=90\" \/>\n<meta property=\"og:site_name\" content=\"Landgasthof Zum L\u00f6wen |\u00a0Restaurant im Taunus | Biergarten im Taunus\" \/>\n<meta property=\"article:publisher\" content=\"https:\/\/www.facebook.com\/landloewen\" \/>\n<meta property=\"article:modified_time\" content=\"2025-02-19T19:38:12+00:00\" \/>\n<meta property=\"og:image\" content=\"https:\/\/landl\u00f6wen.de\/wp-content\/uploads\/landloewen_Logo_Relief_200.png\" \/>\n\t<meta property=\"og:image:width\" content=\"185\" \/>\n\t<meta property=\"og:image:height\" content=\"200\" \/>\n\t<meta property=\"og:image:type\" content=\"image\/png\" \/>\n<meta name=\"twitter:card\" content=\"summary_large_image\" \/>\n<meta name=\"twitter:label1\" content=\"Gesch\u00e4tzte Lesezeit\" \/>\n\t<meta name=\"twitter:data1\" content=\"2\u00a0Minuten\" \/>\n<script type=\"application\/ld+json\" class=\"yoast-schema-graph\">{\"@context\":\"https:\\\/\\\/schema.org\",\"@graph\":[{\"@type\":\"WebPage\",\"@id\":\"https:\\\/\\\/landl\u00f6wen.de\\\/?page_id=90\",\"url\":\"https:\\\/\\\/landl\u00f6wen.de\\\/?page_id=90\",\"name\":\"Catering | Landgasthof Zum L\u00f6wen |\u00a0Restaurant im Taunus | Biergarten im Taunus\",\"isPartOf\":{\"@id\":\"https:\\\/\\\/landl\u00f6wen.de\\\/#website\"},\"datePublished\":\"2023-02-08T19:19:56+00:00\",\"dateModified\":\"2025-02-19T19:38:12+00:00\",\"breadcrumb\":{\"@id\":\"https:\\\/\\\/landl\u00f6wen.de\\\/?page_id=90#breadcrumb\"},\"inLanguage\":\"de\",\"potentialAction\":[{\"@type\":\"ReadAction\",\"target\":[\"https:\\\/\\\/landl\u00f6wen.de\\\/?page_id=90\"]}]},{\"@type\":\"BreadcrumbList\",\"@id\":\"https:\\\/\\\/landl\u00f6wen.de\\\/?page_id=90#breadcrumb\",\"itemListElement\":[{\"@type\":\"ListItem\",\"position\":1,\"name\":\"Startseite\",\"item\":\"https:\\\/\\\/landl\u00f6wen.de\\\/\"},{\"@type\":\"ListItem\",\"position\":2,\"name\":\"Catering\"}]},{\"@type\":\"WebSite\",\"@id\":\"https:\\\/\\\/landl\u00f6wen.de\\\/#website\",\"url\":\"https:\\\/\\\/landl\u00f6wen.de\\\/\",\"name\":\"Landgasthof Zum L\u00f6wen |\u00a0Restaurant im Taunus | Biergarten im Taunus\",\"description\":\"Deutsche K\u00fcche im Taunus |\u00a0Siggi Reitz | Hallo Hessen\",\"publisher\":{\"@id\":\"https:\\\/\\\/landl\u00f6wen.de\\\/#organization\"},\"alternateName\":\"Landgasthof Zum L\u00f6wen\",\"potentialAction\":[{\"@type\":\"SearchAction\",\"target\":{\"@type\":\"EntryPoint\",\"urlTemplate\":\"https:\\\/\\\/landl\u00f6wen.de\\\/?s={search_term_string}\"},\"query-input\":{\"@type\":\"PropertyValueSpecification\",\"valueRequired\":true,\"valueName\":\"search_term_string\"}}],\"inLanguage\":\"de\"},{\"@type\":\"Organization\",\"@id\":\"https:\\\/\\\/landl\u00f6wen.de\\\/#organization\",\"name\":\"Landgasthof Zum L\u00f6wen\",\"url\":\"https:\\\/\\\/landl\u00f6wen.de\\\/\",\"logo\":{\"@type\":\"ImageObject\",\"inLanguage\":\"de\",\"@id\":\"https:\\\/\\\/landl\u00f6wen.de\\\/#\\\/schema\\\/logo\\\/image\\\/\",\"url\":\"https:\\\/\\\/landl\u00f6wen.de\\\/wp-content\\\/uploads\\\/2018\\\/04\\\/Loewe_rot_rechts_fav512.png\",\"contentUrl\":\"https:\\\/\\\/landl\u00f6wen.de\\\/wp-content\\\/uploads\\\/2018\\\/04\\\/Loewe_rot_rechts_fav512.png\",\"width\":512,\"height\":512,\"caption\":\"Landgasthof Zum L\u00f6wen\"},\"image\":{\"@id\":\"https:\\\/\\\/landl\u00f6wen.de\\\/#\\\/schema\\\/logo\\\/image\\\/\"},\"sameAs\":[\"https:\\\/\\\/www.facebook.com\\\/landloewen\",\"https:\\\/\\\/www.instagram.com\\\/landloewen\\\/\"]}]}<\/script>\n<!-- \/ Yoast SEO plugin. -->","yoast_head_json":{"title":"Catering | Landgasthof Zum L\u00f6wen |\u00a0Restaurant im Taunus | Biergarten im Taunus","robots":{"index":"index","follow":"follow","max-snippet":"max-snippet:-1","max-image-preview":"max-image-preview:large","max-video-preview":"max-video-preview:-1"},"canonical":"https:\/\/landl\u00f6wen.de\/?page_id=90","og_locale":"de_DE","og_type":"article","og_title":"Catering | Landgasthof Zum L\u00f6wen |\u00a0Restaurant im Taunus | Biergarten im Taunus","og_description":"Ein Gru\u00df aus der K\u00fccheIm Fr\u00fchjahr gibt es dann unser ausf\u00fchrliches Catering-Angebot Hier geht es zu unseren Catering-Beispielen. Breakfast Ham and Swiss Omelette Three egg omelette with ham and swiss [&hellip;]","og_url":"https:\/\/landl\u00f6wen.de\/?page_id=90","og_site_name":"Landgasthof Zum L\u00f6wen |\u00a0Restaurant im Taunus | Biergarten im Taunus","article_publisher":"https:\/\/www.facebook.com\/landloewen","article_modified_time":"2025-02-19T19:38:12+00:00","og_image":[{"width":185,"height":200,"url":"https:\/\/landl\u00f6wen.de\/wp-content\/uploads\/landloewen_Logo_Relief_200.png","type":"image\/png"}],"twitter_card":"summary_large_image","twitter_misc":{"Gesch\u00e4tzte Lesezeit":"2\u00a0Minuten"},"schema":{"@context":"https:\/\/schema.org","@graph":[{"@type":"WebPage","@id":"https:\/\/landl\u00f6wen.de\/?page_id=90","url":"https:\/\/landl\u00f6wen.de\/?page_id=90","name":"Catering | Landgasthof Zum L\u00f6wen |\u00a0Restaurant im Taunus | Biergarten im Taunus","isPartOf":{"@id":"https:\/\/landl\u00f6wen.de\/#website"},"datePublished":"2023-02-08T19:19:56+00:00","dateModified":"2025-02-19T19:38:12+00:00","breadcrumb":{"@id":"https:\/\/landl\u00f6wen.de\/?page_id=90#breadcrumb"},"inLanguage":"de","potentialAction":[{"@type":"ReadAction","target":["https:\/\/landl\u00f6wen.de\/?page_id=90"]}]},{"@type":"BreadcrumbList","@id":"https:\/\/landl\u00f6wen.de\/?page_id=90#breadcrumb","itemListElement":[{"@type":"ListItem","position":1,"name":"Startseite","item":"https:\/\/landl\u00f6wen.de\/"},{"@type":"ListItem","position":2,"name":"Catering"}]},{"@type":"WebSite","@id":"https:\/\/landl\u00f6wen.de\/#website","url":"https:\/\/landl\u00f6wen.de\/","name":"Landgasthof Zum L\u00f6wen |\u00a0Restaurant im Taunus | Biergarten im Taunus","description":"Deutsche K\u00fcche im Taunus |\u00a0Siggi Reitz | Hallo Hessen","publisher":{"@id":"https:\/\/landl\u00f6wen.de\/#organization"},"alternateName":"Landgasthof Zum L\u00f6wen","potentialAction":[{"@type":"SearchAction","target":{"@type":"EntryPoint","urlTemplate":"https:\/\/landl\u00f6wen.de\/?s={search_term_string}"},"query-input":{"@type":"PropertyValueSpecification","valueRequired":true,"valueName":"search_term_string"}}],"inLanguage":"de"},{"@type":"Organization","@id":"https:\/\/landl\u00f6wen.de\/#organization","name":"Landgasthof Zum L\u00f6wen","url":"https:\/\/landl\u00f6wen.de\/","logo":{"@type":"ImageObject","inLanguage":"de","@id":"https:\/\/landl\u00f6wen.de\/#\/schema\/logo\/image\/","url":"https:\/\/landl\u00f6wen.de\/wp-content\/uploads\/2018\/04\/Loewe_rot_rechts_fav512.png","contentUrl":"https:\/\/landl\u00f6wen.de\/wp-content\/uploads\/2018\/04\/Loewe_rot_rechts_fav512.png","width":512,"height":512,"caption":"Landgasthof Zum L\u00f6wen"},"image":{"@id":"https:\/\/landl\u00f6wen.de\/#\/schema\/logo\/image\/"},"sameAs":["https:\/\/www.facebook.com\/landloewen","https:\/\/www.instagram.com\/landloewen\/"]}]}},"builder_content":"<h1>Ein Gru\u00df aus der K\u00fcche<br\/>Im Fr\u00fchjahr gibt es dann unser ausf\u00fchrliches Catering-Angebot<\/h1>\n<h2><a href=\"https:\/\/landl\u00f6wen.de\/wp-content\/uploads\/landloewen_Cateringbeispiele_1_2023.pdf\" target=\"_blank\" rel=\"noopener\">Hier<\/a> geht es zu unseren Catering-Beispielen.<\/h2>\n<h2>Breakfast<\/h2>\n<h4 class='tb-menu-title'>Ham and Swiss Omelette<\/h4> Three egg omelette with ham and swiss cheese $14.95 <br\/>\nChef Selection <h4 class='tb-menu-title'>Bacon and Cheddar Omelette<\/h4> Ham, red peppers, green peppers, red onions and cheddar cheese in a three egg omelette $14.95 <br\/>\n<h4 class='tb-menu-title'>Deluxe Omelette<\/h4> Bacan, sausage, ham, red peppers, green peppers, red onions, and mushrooms in a three egg omelette $14.95 <br\/>\n<h4 class='tb-menu-title'>Eggs Benedict<\/h4> Poached eggs served on a toasted English muffin, layered with peameal bacon and topped with Hollandaise sauce. Served with breakfast potatoes $14.95 <br\/>\n<h4 class='tb-menu-title'>Eggs Florentine<\/h4> Poached eggs served on a toasted English muffin, layered with cooked spinach and topped with Hollandaise sauce. Served with breakfast potatoes $14.95 <br\/>\n<h2>Lunch<\/h2>\n<h4 class='tb-menu-title'>Old Fashioned Burger<\/h4> Prime rib burger, double-smoked bacon, aged Cheddar cheese, mayo $14.95 <br\/>\n<h4 class='tb-menu-title'>Mayan Burger<\/h4> Prime rib burger, house-made avocado salsa $14.95 <br\/>\nChef Selection <h4 class='tb-menu-title'>Farmhouse Burger<\/h4> Prime rib burger, fried egg, peameat bacon $14.95 <br\/>\n<h4 class='tb-menu-title'>Spicy Thai Basil Noodle<\/h4> Prawns, chicken, coconut milk and basic infused chili sauce $14.95 <br\/>\n<h4 class='tb-menu-title'>Old Fashioned Burger<\/h4> Prime rib burger, double-smoked bacon, aged Cheddar cheese, mayo $14.95 <br\/>\n<h4 class='tb-menu-title'>Mayan Burger<\/h4> Prime rib burger, house-made avocado salsa $14.95 <br\/>\n<h4 class='tb-menu-title'>Farmhouse Burger<\/h4> Prime rib burger, fried egg, peameat bacon $14.95 <br\/>\n<h4 class='tb-menu-title'>Spicy Thai Basil Noodle<\/h4> Prawns, chicken, coconut milk and basic infused chili sauce $14.95 <br\/>","_links":{"self":[{"href":"https:\/\/landl\u00f6wen.de\/index.php?rest_route=\/wp\/v2\/pages\/90","targetHints":{"allow":["GET"]}}],"collection":[{"href":"https:\/\/landl\u00f6wen.de\/index.php?rest_route=\/wp\/v2\/pages"}],"about":[{"href":"https:\/\/landl\u00f6wen.de\/index.php?rest_route=\/wp\/v2\/types\/page"}],"author":[{"embeddable":true,"href":"https:\/\/landl\u00f6wen.de\/index.php?rest_route=\/wp\/v2\/users\/1"}],"replies":[{"embeddable":true,"href":"https:\/\/landl\u00f6wen.de\/index.php?rest_route=%2Fwp%2Fv2%2Fcomments&post=90"}],"version-history":[{"count":22,"href":"https:\/\/landl\u00f6wen.de\/index.php?rest_route=\/wp\/v2\/pages\/90\/revisions"}],"predecessor-version":[{"id":11174,"href":"https:\/\/landl\u00f6wen.de\/index.php?rest_route=\/wp\/v2\/pages\/90\/revisions\/11174"}],"wp:attachment":[{"href":"https:\/\/landl\u00f6wen.de\/index.php?rest_route=%2Fwp%2Fv2%2Fmedia&parent=90"}],"curies":[{"name":"wp","href":"https:\/\/api.w.org\/{rel}","templated":true}]}}