{"id":36,"date":"2016-08-09T07:33:50","date_gmt":"2016-08-09T05:33:50","guid":{"rendered":"https:\/\/themify.me\/demo\/themes\/ultra-restaurant\/?page_id=5628"},"modified":"2026-04-19T09:54:35","modified_gmt":"2026-04-19T07:54:35","slug":"landgasthof-zum-loewen-deutsche-kueche-im-taunus-biergarten-im-taunus","status":"publish","type":"page","link":"https:\/\/landl\u00f6wen.de\/","title":{"rendered":"Landgasthof Zum L\u00f6wen |\u00a0Deutsche K\u00fcche im Taunus | Biergarten im Taunus"},"content":{"rendered":"<!-- wp:themify-builder\/canvas \/-->","protected":false},"excerpt":{"rendered":"","protected":false},"author":2,"featured_media":0,"parent":0,"menu_order":0,"comment_status":"closed","ping_status":"closed","template":"","meta":{"ngg_post_thumbnail":0,"footnotes":""},"class_list":["post-36","page","type-page","status-publish","hentry","has-post-title","has-post-date","has-post-category","has-post-tag","has-post-comment","has-post-author",""],"yoast_head":"<!-- This site is optimized with the Yoast SEO plugin v27.4 - https:\/\/yoast.com\/product\/yoast-seo-wordpress\/ -->\n<title>Deutsche K\u00fcche im Taunus |\u00a0Siggi Reitz | Hallo Hessen | Landgasthof Zum L\u00f6wen |\u00a0Restaurant im Taunus | Biergarten im Taunus<\/title>\n<meta name=\"description\" content=\"Siggi Reitz pr\u00e4sentiert deutsche K\u00fcche im Taunus - fein + inspiriert | Weilrod-Hasselbach | Do. - So. | post@landloewen.de | (06083) 9593175\" \/>\n<meta name=\"robots\" content=\"index, follow, max-snippet:-1, max-image-preview:large, max-video-preview:-1\" \/>\n<link rel=\"canonical\" href=\"https:\/\/landl\u00f6wen.de\/\" \/>\n<meta property=\"og:locale\" content=\"de_DE\" \/>\n<meta property=\"og:type\" content=\"article\" \/>\n<meta property=\"og:title\" content=\"Deutsche K\u00fcche im Taunus |\u00a0Siggi Reitz | Hallo Hessen | Landgasthof Zum L\u00f6wen |\u00a0Restaurant im Taunus | Biergarten im Taunus\" \/>\n<meta property=\"og:description\" content=\"Siggi Reitz pr\u00e4sentiert deutsche K\u00fcche im Taunus - fein + inspiriert | Weilrod-Hasselbach | Do. - So. | post@landloewen.de | (06083) 9593175\" \/>\n<meta property=\"og:url\" content=\"https:\/\/landl\u00f6wen.de\/\" \/>\n<meta property=\"og:site_name\" content=\"Landgasthof Zum L\u00f6wen |\u00a0Restaurant im Taunus | Biergarten im Taunus\" \/>\n<meta property=\"article:publisher\" content=\"https:\/\/www.facebook.com\/landloewen\" \/>\n<meta property=\"article:modified_time\" content=\"2026-04-19T07:54:35+00:00\" \/>\n<meta property=\"og:image\" content=\"https:\/\/landl\u00f6wen.de\/wp-content\/uploads\/landloewen_Logo_Relief_200.png\" \/>\n\t<meta property=\"og:image:width\" content=\"185\" \/>\n\t<meta property=\"og:image:height\" content=\"200\" \/>\n\t<meta property=\"og:image:type\" content=\"image\/png\" \/>\n<meta name=\"twitter:card\" content=\"summary_large_image\" \/>\n<meta name=\"twitter:label1\" content=\"Gesch\u00e4tzte Lesezeit\" \/>\n\t<meta name=\"twitter:data1\" content=\"6\u00a0Minuten\" \/>\n<script type=\"application\/ld+json\" class=\"yoast-schema-graph\">{\"@context\":\"https:\\\/\\\/schema.org\",\"@graph\":[{\"@type\":\"WebPage\",\"@id\":\"https:\\\/\\\/landl\u00f6wen.de\\\/\",\"url\":\"https:\\\/\\\/landl\u00f6wen.de\\\/\",\"name\":\"Deutsche K\u00fcche im Taunus |\u00a0Siggi Reitz | Hallo Hessen | Landgasthof Zum L\u00f6wen |\u00a0Restaurant im Taunus | Biergarten im Taunus\",\"isPartOf\":{\"@id\":\"https:\\\/\\\/landl\u00f6wen.de\\\/#website\"},\"datePublished\":\"2016-08-09T05:33:50+00:00\",\"dateModified\":\"2026-04-19T07:54:35+00:00\",\"description\":\"Siggi Reitz pr\u00e4sentiert deutsche K\u00fcche im Taunus - fein + inspiriert | Weilrod-Hasselbach | Do. - So. | post@landloewen.de | (06083) 9593175\",\"breadcrumb\":{\"@id\":\"https:\\\/\\\/landl\u00f6wen.de\\\/#breadcrumb\"},\"inLanguage\":\"de\",\"potentialAction\":[{\"@type\":\"ReadAction\",\"target\":[\"https:\\\/\\\/landl\u00f6wen.de\\\/\"]}]},{\"@type\":\"BreadcrumbList\",\"@id\":\"https:\\\/\\\/landl\u00f6wen.de\\\/#breadcrumb\",\"itemListElement\":[{\"@type\":\"ListItem\",\"position\":1,\"name\":\"Startseite\",\"item\":\"https:\\\/\\\/landl\u00f6wen.de\\\/\"},{\"@type\":\"ListItem\",\"position\":2,\"name\":\"Landgasthof Zum L\u00f6wen |\u00a0Deutsche K\u00fcche im Taunus | Biergarten im Taunus\"}]},{\"@type\":\"WebSite\",\"@id\":\"https:\\\/\\\/landl\u00f6wen.de\\\/#website\",\"url\":\"https:\\\/\\\/landl\u00f6wen.de\\\/\",\"name\":\"Landgasthof Zum L\u00f6wen |\u00a0Restaurant im Taunus | Biergarten im Taunus\",\"description\":\"Deutsche K\u00fcche im Taunus |\u00a0Siggi Reitz | Hallo Hessen\",\"publisher\":{\"@id\":\"https:\\\/\\\/landl\u00f6wen.de\\\/#organization\"},\"alternateName\":\"Landgasthof Zum L\u00f6wen\",\"potentialAction\":[{\"@type\":\"SearchAction\",\"target\":{\"@type\":\"EntryPoint\",\"urlTemplate\":\"https:\\\/\\\/landl\u00f6wen.de\\\/?s={search_term_string}\"},\"query-input\":{\"@type\":\"PropertyValueSpecification\",\"valueRequired\":true,\"valueName\":\"search_term_string\"}}],\"inLanguage\":\"de\"},{\"@type\":\"Organization\",\"@id\":\"https:\\\/\\\/landl\u00f6wen.de\\\/#organization\",\"name\":\"Landgasthof Zum L\u00f6wen\",\"url\":\"https:\\\/\\\/landl\u00f6wen.de\\\/\",\"logo\":{\"@type\":\"ImageObject\",\"inLanguage\":\"de\",\"@id\":\"https:\\\/\\\/landl\u00f6wen.de\\\/#\\\/schema\\\/logo\\\/image\\\/\",\"url\":\"https:\\\/\\\/landl\u00f6wen.de\\\/wp-content\\\/uploads\\\/2018\\\/04\\\/Loewe_rot_rechts_fav512.png\",\"contentUrl\":\"https:\\\/\\\/landl\u00f6wen.de\\\/wp-content\\\/uploads\\\/2018\\\/04\\\/Loewe_rot_rechts_fav512.png\",\"width\":512,\"height\":512,\"caption\":\"Landgasthof Zum L\u00f6wen\"},\"image\":{\"@id\":\"https:\\\/\\\/landl\u00f6wen.de\\\/#\\\/schema\\\/logo\\\/image\\\/\"},\"sameAs\":[\"https:\\\/\\\/www.facebook.com\\\/landloewen\",\"https:\\\/\\\/www.instagram.com\\\/landloewen\\\/\"]}]}<\/script>\n<!-- \/ Yoast SEO plugin. -->","yoast_head_json":{"title":"Deutsche K\u00fcche im Taunus |\u00a0Siggi Reitz | Hallo Hessen | Landgasthof Zum L\u00f6wen |\u00a0Restaurant im Taunus | Biergarten im Taunus","description":"Siggi Reitz pr\u00e4sentiert deutsche K\u00fcche im Taunus - fein + inspiriert | Weilrod-Hasselbach | Do. - So. | post@landloewen.de | (06083) 9593175","robots":{"index":"index","follow":"follow","max-snippet":"max-snippet:-1","max-image-preview":"max-image-preview:large","max-video-preview":"max-video-preview:-1"},"canonical":"https:\/\/landl\u00f6wen.de\/","og_locale":"de_DE","og_type":"article","og_title":"Deutsche K\u00fcche im Taunus |\u00a0Siggi Reitz | Hallo Hessen | Landgasthof Zum L\u00f6wen |\u00a0Restaurant im Taunus | Biergarten im Taunus","og_description":"Siggi Reitz pr\u00e4sentiert deutsche K\u00fcche im Taunus - fein + inspiriert | Weilrod-Hasselbach | Do. - So. | post@landloewen.de | (06083) 9593175","og_url":"https:\/\/landl\u00f6wen.de\/","og_site_name":"Landgasthof Zum L\u00f6wen |\u00a0Restaurant im Taunus | Biergarten im Taunus","article_publisher":"https:\/\/www.facebook.com\/landloewen","article_modified_time":"2026-04-19T07:54:35+00:00","og_image":[{"width":185,"height":200,"url":"https:\/\/landl\u00f6wen.de\/wp-content\/uploads\/landloewen_Logo_Relief_200.png","type":"image\/png"}],"twitter_card":"summary_large_image","twitter_misc":{"Gesch\u00e4tzte Lesezeit":"6\u00a0Minuten"},"schema":{"@context":"https:\/\/schema.org","@graph":[{"@type":"WebPage","@id":"https:\/\/landl\u00f6wen.de\/","url":"https:\/\/landl\u00f6wen.de\/","name":"Deutsche K\u00fcche im Taunus |\u00a0Siggi Reitz | Hallo Hessen | Landgasthof Zum L\u00f6wen |\u00a0Restaurant im Taunus | Biergarten im Taunus","isPartOf":{"@id":"https:\/\/landl\u00f6wen.de\/#website"},"datePublished":"2016-08-09T05:33:50+00:00","dateModified":"2026-04-19T07:54:35+00:00","description":"Siggi Reitz pr\u00e4sentiert deutsche K\u00fcche im Taunus - fein + inspiriert | Weilrod-Hasselbach | Do. - So. | post@landloewen.de | (06083) 9593175","breadcrumb":{"@id":"https:\/\/landl\u00f6wen.de\/#breadcrumb"},"inLanguage":"de","potentialAction":[{"@type":"ReadAction","target":["https:\/\/landl\u00f6wen.de\/"]}]},{"@type":"BreadcrumbList","@id":"https:\/\/landl\u00f6wen.de\/#breadcrumb","itemListElement":[{"@type":"ListItem","position":1,"name":"Startseite","item":"https:\/\/landl\u00f6wen.de\/"},{"@type":"ListItem","position":2,"name":"Landgasthof Zum L\u00f6wen |\u00a0Deutsche K\u00fcche im Taunus | Biergarten im Taunus"}]},{"@type":"WebSite","@id":"https:\/\/landl\u00f6wen.de\/#website","url":"https:\/\/landl\u00f6wen.de\/","name":"Landgasthof Zum L\u00f6wen |\u00a0Restaurant im Taunus | Biergarten im Taunus","description":"Deutsche K\u00fcche im Taunus |\u00a0Siggi Reitz | Hallo Hessen","publisher":{"@id":"https:\/\/landl\u00f6wen.de\/#organization"},"alternateName":"Landgasthof Zum L\u00f6wen","potentialAction":[{"@type":"SearchAction","target":{"@type":"EntryPoint","urlTemplate":"https:\/\/landl\u00f6wen.de\/?s={search_term_string}"},"query-input":{"@type":"PropertyValueSpecification","valueRequired":true,"valueName":"search_term_string"}}],"inLanguage":"de"},{"@type":"Organization","@id":"https:\/\/landl\u00f6wen.de\/#organization","name":"Landgasthof Zum L\u00f6wen","url":"https:\/\/landl\u00f6wen.de\/","logo":{"@type":"ImageObject","inLanguage":"de","@id":"https:\/\/landl\u00f6wen.de\/#\/schema\/logo\/image\/","url":"https:\/\/landl\u00f6wen.de\/wp-content\/uploads\/2018\/04\/Loewe_rot_rechts_fav512.png","contentUrl":"https:\/\/landl\u00f6wen.de\/wp-content\/uploads\/2018\/04\/Loewe_rot_rechts_fav512.png","width":512,"height":512,"caption":"Landgasthof Zum L\u00f6wen"},"image":{"@id":"https:\/\/landl\u00f6wen.de\/#\/schema\/logo\/image\/"},"sameAs":["https:\/\/www.facebook.com\/landloewen","https:\/\/www.instagram.com\/landloewen\/"]}]}},"builder_content":"<h1>Megan O'Neill<\/h1> <h1>am 11. September, um 16:00 Uhr\u00a0<\/h1> <h1>bei uns im Biergarten<\/h1>\n<h5 style=\"text-align: center;\">Siggi Reitz kocht f\u00fcr Sie deutsche K\u00fcche im Taunus - fein und inspiriert.<br \/>Ge\u00f6ffnet Donnerstag bis Sonntag.<br \/>Ein Blick in unseren <a style=\"color: #52678b;\" href=\"https:\/\/landl\u00f6wen.de\/?post_type=tribe_events\" target=\"_blank\" rel=\"noopener\"><u>Kalender<\/u><\/a> lohnt sich immer.<\/h5>\n<p style=\"text-align: center;\"><strong>Deutsche K\u00fcche im Taunus - von Siggi Reitz - fein und inspiriert.<br \/>Ge\u00f6ffnet Donnerstag bis Sonntag.<br \/>Ein Blick in unseren <a style=\"color: #52678b;\" href=\"https:\/\/landl\u00f6wen.de\/?post_type=tribe_events\" target=\"_blank\" rel=\"noopener\"><u>Kalender<\/u><\/a> lohnt sich immer.<\/strong><\/p>\n<h5 style=\"text-align: center;\">Freitag, 26. M\u00e4rz geschlossene Gesellschaft.<br>Ein Blick in unseren <a href=\"https:\/\/landl\u00f6wen.de\/?post_type=tribe_events\">Kalender<\/a> lohnt sich immer.<\/h5>\n\n<h3 style=\"text-align: center;\">Restaurant + L\u00f6wenfutter ToGo<\/h3> <h6 style=\"text-align: center; padding-left: 40px;\">Donnerstag &nbsp;17:00 - 21:00 Uhr&nbsp;<br>Freitag &nbsp;17:00 - 21:00 Uhr<br>Samstag &nbsp;12:00 - 21:00 Uhr<br>Sonntag &nbsp;12:00 - 20:00 Uhr<br><\/h6> <p style=\"text-align: center;\"><strong>K\u00fcche bis eine Stunde vor Schluss.<\/strong><\/p> <p style=\"text-align: center;\">Sonntags gilt bis 15:00 Uhr nur der SonntagsSpeisezettel.<\/p>\n<form action=\"https:\/\/eu2.cleverreach.com\/f\/253165-249614\/wcs\/\" method=\"post\" target=\"_blank\"> <label for=\"text5390191\">E-Mail*<\/label> <input id=\"text5390191\" name=\"email\" value=\"\" type=\"text\" style=\"width:90%;\" \/>\n <br\/> <br\/>\n \n<button type=\"submit\">Anmelden<\/button>\n <noscript><a href=\"https:\/\/www.cleverreach.de\">www.CleverReach.de<\/a><\/noscript> \n \n <\/form>\n<h4 style=\"text-align: center;\">Den Landl\u00f6wen-Newsletter abonnieren\u00a0<\/h4> <p style=\"text-align: center;\"><strong>Immer vorher wissen, was es bald gibt.\u00a0Vorfreude garantiert.<\/strong><\/p>\n<h5 style=\"text-align: center;\">Restaurant + L\u00f6wenfutter ToGo<\/h5> <h6 style=\"text-align: center; padding-left: 40px;\">Donnerstag &nbsp;17:00 - 21:00 Uhr&nbsp;<br>Freitag &nbsp;17:00 - 21:00 Uhr<br>Samstag &nbsp;12:00 - 21:00 Uhr<br>Sonntag &nbsp;12:00 - 20:00 Uhr<\/h6> <p style=\"text-align: center;\"><strong>K\u00fcche bis eine Stunde vor Schluss.<\/strong><\/p> <p style=\"text-align: center;\">Sonntags gilt bis 15:00 Uhr nur der SonntagsSpeisezettel.<\/p>\n<p style=\"text-align: center;\">Reservierung telefonisch Donnerstag bis Sonntag ab 11:00 Uhr.<\/p> <p style=\"text-align: center;\"><a style=\"color: #ffffff;\" href=\"tel:+4960839593175\"><strong>(06083) 95 93 175<\/strong><\/a><\/p> <p style=\"text-align: center;\">An den freien Tagen (Mo. bis Mi.) sind wir per eMail zu erreichen: <strong><a href=\"mailto:post@landloewen.de\">post@landloewen.de<\/a><\/strong><\/p> <p style=\"text-align: center;\"><strong>Zahlen k\u00f6nnen Sie gerne bar<br>oder mit EC-Karte.<\/strong><\/p>\n<h5 style=\"text-align: center;\">Unser L\u00f6wenanteil an Eurer Osterfreude<\/h5> <h2 style=\"text-align: center;\">Hier schon mal sehen, wo der Hase lang l\u00e4uft ...<\/h2>\n<a href=\"https:\/\/landl\u00f6wen.de\/wp-content\/uploads\/landloewen_Oster-Zeiten_2026_A5_quer_1200.jpg\" data-zoom-config=\"1920px|657px\"> <img src=\"https:\/\/landl\u00f6wen.de\/wp-content\/uploads\/landloewen_Oster-Zeiten_2026_A5_quer_1200-1024x722-1200x846.jpg\" width=\"1200\" height=\"846\" title=\"landl\u00f6wen_Oster-Zeiten_2026_A5_quer_1200\" alt=\"\u00d6ffnungszeiten an den Osterfeiertagen\" srcset=\"https:\/\/landl\u00f6wen.de\/wp-content\/uploads\/landloewen_Oster-Zeiten_2026_A5_quer_1200.jpg 1200w, https:\/\/landl\u00f6wen.de\/wp-content\/uploads\/landloewen_Oster-Zeiten_2026_A5_quer_1200-300x212.jpg 300w, https:\/\/landl\u00f6wen.de\/wp-content\/uploads\/landloewen_Oster-Zeiten_2026_A5_quer_1200-1024x722.jpg 1024w, https:\/\/landl\u00f6wen.de\/wp-content\/uploads\/landloewen_Oster-Zeiten_2026_A5_quer_1200-768x541.jpg 768w\" sizes=\"(max-width: 1200px) 100vw, 1200px\" \/> <\/a>\n<h4 style=\"text-align: center;\">Einen Tisch reservieren<\/h4> <p style=\"text-align: center;\">einfach telefonisch Donnerstag bis Sonntag unter<br><strong><a style=\"color: #52678b;\" href=\"tel:+4960839593175\">(06083) 95 93 175<\/a><\/strong><\/p> <p style=\"text-align: center;\">oder per E-Mail an<br><strong><a style=\"color: #52678b;\" href=\"mailto:post@landloewen.de\">post@landloewen.de<\/a><\/strong><\/p> <p style=\"text-align: center;\">Wir melden uns dann so schnell wie m\u00f6glich bei Ihnen zur\u00fcck.<\/p>\n<h4 style=\"text-align: center;\">Zahlen k\u00f6nnen Sie gerne bar<br>oder mit EC-Karte.<\/h4>\n<h5 style=\"text-align: center;\">Unser L\u00f6wenanteil am Fr\u00fchlings-Genuss<\/h5>\n<a href=\"https:\/\/landl\u00f6wen.de\/wp-content\/uploads\/landloewen-Anzeige_Gazette_04_2026_1200.jpg\"> <img src=\"https:\/\/landl\u00f6wen.de\/wp-content\/uploads\/landloewen-Anzeige_Gazette_04_2026_1200.jpg\" title=\"landl\u00f6wen-Anzeige_Gazette_04_2026_1200\" alt=\"Anzeige Fr\u00fchlings-Angebote\" srcset=\"https:\/\/landl\u00f6wen.de\/wp-content\/uploads\/landloewen-Anzeige_Gazette_04_2026_1200.jpg 1200w, https:\/\/landl\u00f6wen.de\/wp-content\/uploads\/landloewen-Anzeige_Gazette_04_2026_1200-300x103.jpg 300w, https:\/\/landl\u00f6wen.de\/wp-content\/uploads\/landloewen-Anzeige_Gazette_04_2026_1200-1024x351.jpg 1024w, https:\/\/landl\u00f6wen.de\/wp-content\/uploads\/landloewen-Anzeige_Gazette_04_2026_1200-768x263.jpg 768w\" sizes=\"(max-width: 1200px) 100vw, 1200px\" \/> <\/a>\n<p style=\"text-align: center;\"><b>Siggis Sonntags-Speisezettel<\/b><br>bis 15:00 Uhr<br>Einfach draufklicken zum Vergr\u00f6\u00dfern<\/p>\n<a href=\"https:\/\/landl\u00f6wen.de\/wp-content\/uploads\/260419-SonntagsSpeisezettel_1920.jpg\"> <img src=\"https:\/\/landl\u00f6wen.de\/wp-content\/uploads\/260419-SonntagsSpeisezettel_1920.jpg\" title=\"260419 SonntagsSpeisezettel_1920\" alt=\"Siggis Sonntags-Speisezettel am 19.04.2026\" srcset=\"https:\/\/landl\u00f6wen.de\/wp-content\/uploads\/260419-SonntagsSpeisezettel_1920.jpg 1357w, https:\/\/landl\u00f6wen.de\/wp-content\/uploads\/260419-SonntagsSpeisezettel_1920-212x300.jpg 212w, https:\/\/landl\u00f6wen.de\/wp-content\/uploads\/260419-SonntagsSpeisezettel_1920-724x1024.jpg 724w, https:\/\/landl\u00f6wen.de\/wp-content\/uploads\/260419-SonntagsSpeisezettel_1920-768x1087.jpg 768w, https:\/\/landl\u00f6wen.de\/wp-content\/uploads\/260419-SonntagsSpeisezettel_1920-1086x1536.jpg 1086w\" sizes=\"(max-width: 1357px) 100vw, 1357px\" \/> <\/a>\n<a href=\"https:\/\/landl\u00f6wen.de\/wp-content\/uploads\/Gaensekarte_241115_1920.jpg\" data-zoom-config=\"1358px|1920px\"> <img src=\"https:\/\/landl\u00f6wen.de\/wp-content\/uploads\/Gaensekarte_241115_1920-724x1024-848x1198.jpg\" width=\"848\" height=\"1198\" title=\"landlo\u0308wen_Ga\u0308nsekarte_11_2022.indd\" alt=\"landlo\u0308wen_Ga\u0308nsekarte_11_2022.indd\" srcset=\"https:\/\/landl\u00f6wen.de\/wp-content\/uploads\/Gaensekarte_241115_1920-724x1024-848x1198.jpg 848w, https:\/\/landl\u00f6wen.de\/wp-content\/uploads\/Gaensekarte_241115_1920-212x300.jpg 212w, https:\/\/landl\u00f6wen.de\/wp-content\/uploads\/Gaensekarte_241115_1920-724x1024.jpg 724w, https:\/\/landl\u00f6wen.de\/wp-content\/uploads\/Gaensekarte_241115_1920-768x1086.jpg 768w, https:\/\/landl\u00f6wen.de\/wp-content\/uploads\/Gaensekarte_241115_1920-1086x1536.jpg 1086w, https:\/\/landl\u00f6wen.de\/wp-content\/uploads\/Gaensekarte_241115_1920.jpg 1358w\" sizes=\"(max-width: 848px) 100vw, 848px\" \/> <\/a>\n<h5 style=\"text-align: center;\">Eigenlob ist nicht so unser Ding<\/h5> <h2 style=\"text-align: center;\">Das Lob unserer G\u00e4ste macht uns allerdings sehr gl\u00fccklich<\/h2>\n<p>[trustindex no-registration=google]<\/p>\n<h5 style=\"text-align: center;\">Vorsicht! Freilaufende <em>@landloewen<\/em> bei Instagram.<br \/> <\/h5>\n<p>[instagram-feed]<\/p>\n<a href=\"https:\/\/www.hr-fernsehen.de\/sendungen-a-z\/hallo-hessen\/experten\/siggi-reitz,experten-146.html\" rel=\"noopener\" target=\"_blank\"> <img src=\"https:\/\/landl\u00f6wen.de\/wp-content\/uploads\/2018\/04\/3dc7808a-9946-4b09-bd77-0930f768ca5b-360x275.jpg\" width=\"360\" height=\"275\" title=\"Siggi Reitz\" alt=\"Inhaber und Chefkoch Siggi Reitz zeigt stolz auf das Logo vom Landgasthof Zum L\u00f6wen auf seiner Kochjacke, das 2 stilisierte hessische L\u00f6wen zeigt\"> <\/a> <h3> <a href=\"https:\/\/www.hr-fernsehen.de\/sendungen-a-z\/hallo-hessen\/experten\/siggi-reitz,experten-146.html\" rel=\"noopener\" target=\"_blank\"> Siggi Reitz <\/a> <\/h3>\n<img src=\"https:\/\/landl\u00f6wen.de\/wp-content\/uploads\/L1014563-360x275.jpg\" width=\"360\" height=\"275\" title=\"Saal im Kulturforum\" alt=\"Festlich dekorierter Tisch im Saal des Kulturforum Hochtaunus. Ein Festsaal mit B\u00fchne und Technik, direkt neben dem Landgasthof Zum L\u00f6wen, den wir f\u00fcr gr\u00f6\u00dfere Veranstaltungen nutzen\"> <h3> Saal im Kulturforum <\/h3>\n<a href=\"https:\/\/landl\u00f6wen.de\/wp-content\/uploads\/landloewen_Cateringbeispiele_1_2023.pdf\"> <img src=\"http:\/\/landl\u00f6wen.de\/wp-content\/uploads\/laloe_catering360x275.jpg\" width=\"360\" height=\"275\" title=\"Catering\" alt=\"Beispielfoto f\u00fcr unser Catering-Angebot\"> <\/a> <h3> <a href=\"https:\/\/landl\u00f6wen.de\/wp-content\/uploads\/landloewen_Cateringbeispiele_1_2023.pdf\"> Catering <\/a> <\/h3>\n<iframe src=\"https:\/\/www.google.com\/maps\/embed?pb=!1m18!1m12!1m3!1d195452.7221747694!2d8.30889977649457!3d50.43193242150891!2m3!1f0!2f0!3f0!3m2!1i1024!2i768!4f13.1!3m3!1m2!1s0x47bdb3159e7d6ea7%3A0x3ac0fe84990411de!2sLandgasthof%20Zum%20L%C3%B6wen%20bei%20Siggi%20Reitz!5e0!3m2!1sde!2sde!4v1753003119143!5m2!1sde!2sde\" width=\"2000\" height=\"600\" style=\"border:0;\" allowfullscreen=\"\" loading=\"lazy\" referrerpolicy=\"no-referrer-when-downgrade\"><\/iframe>","_links":{"self":[{"href":"https:\/\/landl\u00f6wen.de\/index.php?rest_route=\/wp\/v2\/pages\/36","targetHints":{"allow":["GET"]}}],"collection":[{"href":"https:\/\/landl\u00f6wen.de\/index.php?rest_route=\/wp\/v2\/pages"}],"about":[{"href":"https:\/\/landl\u00f6wen.de\/index.php?rest_route=\/wp\/v2\/types\/page"}],"author":[{"embeddable":true,"href":"https:\/\/landl\u00f6wen.de\/index.php?rest_route=\/wp\/v2\/users\/2"}],"replies":[{"embeddable":true,"href":"https:\/\/landl\u00f6wen.de\/index.php?rest_route=%2Fwp%2Fv2%2Fcomments&post=36"}],"version-history":[{"count":6008,"href":"https:\/\/landl\u00f6wen.de\/index.php?rest_route=\/wp\/v2\/pages\/36\/revisions"}],"predecessor-version":[{"id":12724,"href":"https:\/\/landl\u00f6wen.de\/index.php?rest_route=\/wp\/v2\/pages\/36\/revisions\/12724"}],"wp:attachment":[{"href":"https:\/\/landl\u00f6wen.de\/index.php?rest_route=%2Fwp%2Fv2%2Fmedia&parent=36"}],"curies":[{"name":"wp","href":"https:\/\/api.w.org\/{rel}","templated":true}]}}